{"id":979,"date":"2015-11-14T10:58:38","date_gmt":"2015-11-14T10:58:38","guid":{"rendered":"http:\/\/www.bartlomiejkopta.com\/?page_id=7"},"modified":"2024-04-01T17:59:33","modified_gmt":"2024-04-01T16:59:33","slug":"home","status":"publish","type":"page","link":"https:\/\/www.bartlomiejkopta.com\/","title":{"rendered":"Home"},"content":{"rendered":"<p><div class=\"fusion-fullwidth fullwidth-box fusion-builder-row-1 nonhundred-percent-fullwidth non-hundred-percent-height-scrolling\" style=\"--awb-background-position:left top;--awb-border-sizes-top:0px;--awb-border-sizes-bottom:0px;--awb-border-sizes-left:0px;--awb-border-sizes-right:0px;--awb-border-radius-top-left:0px;--awb-border-radius-top-right:0px;--awb-border-radius-bottom-right:0px;--awb-border-radius-bottom-left:0px;--awb-padding-top:20px;--awb-padding-bottom:2.5%;--awb-flex-wrap:wrap;\" ><div class=\"fusion-builder-row fusion-row\"><div class=\"fusion-layout-column fusion_builder_column fusion-builder-column-0 fusion_builder_column_1_1 1_1 fusion-one-full fusion-column-first fusion-column-last\" style=\"--awb-padding-top:0%;--awb-padding-right:15%;--awb-padding-bottom:0%;--awb-padding-left:15%;--awb-bg-size:cover;\"><div class=\"fusion-column-wrapper fusion-flex-column-wrapper-legacy\"><div class=\"fusion-clearfix\"><\/div><\/div><\/div><\/div><\/div><div class=\"fusion-fullwidth fullwidth-box fusion-builder-row-2 fusion-flex-container has-pattern-background has-mask-background nonhundred-percent-fullwidth non-hundred-percent-height-scrolling\" style=\"--awb-border-radius-top-left:0px;--awb-border-radius-top-right:0px;--awb-border-radius-bottom-right:0px;--awb-border-radius-bottom-left:0px;--awb-flex-wrap:wrap;\" ><div class=\"fusion-builder-row fusion-row fusion-flex-align-items-flex-start fusion-flex-content-wrap\" style=\"max-width:1216.8px;margin-left: calc(-4% \/ 2 );margin-right: calc(-4% \/ 2 );\"><div class=\"fusion-layout-column fusion_builder_column fusion-builder-column-1 fusion_builder_column_3_5 3_5 fusion-flex-column\" style=\"--awb-bg-size:cover;--awb-width-large:60%;--awb-margin-top-large:0px;--awb-spacing-right-large:3.2%;--awb-margin-bottom-large:50px;--awb-spacing-left-large:3.2%;--awb-width-medium:100%;--awb-order-medium:0;--awb-spacing-right-medium:1.92%;--awb-spacing-left-medium:1.92%;--awb-width-small:100%;--awb-order-small:0;--awb-spacing-right-small:1.92%;--awb-spacing-left-small:1.92%;\"><div class=\"fusion-column-wrapper fusion-column-has-shadow fusion-flex-justify-content-flex-start fusion-content-layout-column\"><div class=\"fusion-text fusion-text-1\"><h3 style=\"text-align: center;\">Najwi\u0119ksze bogactwo,<br \/>\nto robienie tego,<br \/>\nco kochasz.<\/h3>\n<h3 style=\"text-align: center;\"><strong>Dlatego ja, zajmuj\u0119 si\u0119 fotografi\u0105! <span class=\"_3gl1 _5zz4\" data-offset-key=\"eo00o-0-0\"><span class=\"_ncl\"><span data-offset-key=\"eo00o-0-0\">\ud83d\udd25<\/span><\/span><\/span><span class=\"_3gl1 _5zz4\" data-offset-key=\"eo00o-1-0\"><span class=\"_ncl\"><span data-offset-key=\"eo00o-1-0\">\ud83d\udd25<\/span><\/span><\/span><\/strong><\/h3>\n<\/div><\/div><\/div><div class=\"fusion-layout-column fusion_builder_column fusion-builder-column-2 fusion_builder_column_1_5 1_5 fusion-flex-column\" style=\"--awb-bg-size:cover;--awb-width-large:20%;--awb-margin-top-large:0px;--awb-spacing-right-large:9.6%;--awb-margin-bottom-large:50px;--awb-spacing-left-large:9.6%;--awb-width-medium:100%;--awb-order-medium:0;--awb-spacing-right-medium:1.92%;--awb-spacing-left-medium:1.92%;--awb-width-small:100%;--awb-order-small:0;--awb-spacing-right-small:1.92%;--awb-spacing-left-small:1.92%;\"><div class=\"fusion-column-wrapper fusion-column-has-shadow fusion-flex-justify-content-flex-start fusion-content-layout-column\"><a href=\"https:\/\/wedding.pl\/fotograf-slubny\/bartlomiej-kopta-fotografia\" target=\"_blank\" title=\"Bart\u0142omiej Kopta Fotografia - Wyb\u00f3r Par M\u0142odych 2023 | Wedding.pl\"> <img decoding=\"async\" src=\"https:\/\/wedding.pl\/img\/banners\/bride_choice2023.png\" alt=\"Wedding.pl Wyb\u00f3r Par M\u0142odych 2023\"> <\/a><\/div><\/div><div class=\"fusion-layout-column fusion_builder_column fusion-builder-column-3 fusion_builder_column_1_5 1_5 fusion-flex-column\" style=\"--awb-bg-size:cover;--awb-width-large:20%;--awb-margin-top-large:0px;--awb-spacing-right-large:9.6%;--awb-margin-bottom-large:50px;--awb-spacing-left-large:9.6%;--awb-width-medium:100%;--awb-order-medium:0;--awb-spacing-right-medium:1.92%;--awb-spacing-left-medium:1.92%;--awb-width-small:100%;--awb-order-small:0;--awb-spacing-right-small:1.92%;--awb-spacing-left-small:1.92%;\"><div class=\"fusion-column-wrapper fusion-column-has-shadow fusion-flex-justify-content-flex-start fusion-content-layout-column\"><a href=\"https:\/\/wedding.pl\/fotograf-slubny\/bartlomiej-kopta-fotografia\" target=\"_blank\" title=\"Bart\u0142omiej Kopta Fotografia - Wyb\u00f3r Par M\u0142odych 2022 | Wedding.pl\"> <img decoding=\"async\" src=\"https:\/\/wedding.pl\/img\/banners\/bride_choice2022.png\" alt=\"Wedding.pl Wyb\u00f3r Par M\u0142odych 2022\"> <\/a>\n<\/div><\/div><\/div><\/div><div class=\"fusion-fullwidth fullwidth-box fusion-builder-row-3 fusion-flex-container has-pattern-background has-mask-background nonhundred-percent-fullwidth non-hundred-percent-height-scrolling\" style=\"--awb-border-radius-top-left:0px;--awb-border-radius-top-right:0px;--awb-border-radius-bottom-right:0px;--awb-border-radius-bottom-left:0px;--awb-flex-wrap:wrap;\" ><div class=\"fusion-builder-row fusion-row fusion-flex-align-items-flex-start fusion-flex-content-wrap\" style=\"max-width:1216.8px;margin-left: calc(-4% \/ 2 );margin-right: calc(-4% \/ 2 );\"><\/div><\/div><div class=\"fusion-fullwidth fullwidth-box fusion-builder-row-4 hundred-percent-fullwidth non-hundred-percent-height-scrolling\" style=\"--awb-background-position:left top;--awb-border-sizes-top:0px;--awb-border-sizes-bottom:0px;--awb-border-sizes-left:0px;--awb-border-sizes-right:0px;--awb-border-radius-top-left:0px;--awb-border-radius-top-right:0px;--awb-border-radius-bottom-right:0px;--awb-border-radius-bottom-left:0px;--awb-padding-top:0px;--awb-padding-right:4%;--awb-padding-bottom:100px;--awb-padding-left:4%;--awb-flex-wrap:wrap;\" ><div class=\"fusion-builder-row fusion-row\"><div class=\"fusion-layout-column fusion_builder_column fusion-builder-column-4 fusion_builder_column_1_1 1_1 fusion-one-full fusion-column-first fusion-column-last fusion-column-no-min-height\" style=\"--awb-bg-size:cover;--awb-margin-bottom:0px;\"><div class=\"fusion-column-wrapper fusion-flex-column-wrapper-legacy\"><style type=\"text\/css\">.fusion-portfolio-wrapper#fusion-portfolio-1 .fusion-portfolio-content{  text-align: center; }<\/style><div class=\"fusion-recent-works fusion-portfolio-element fusion-portfolio fusion-portfolio-1 fusion-portfolio-grid fusion-portfolio-paging-none fusion-portfolio-three fusion-portfolio-unboxed fusion-portfolio-text fusion-portfolio-equal-heights fusion-portfolio-rollover fusion-animated\" data-id=\"-rw-1\" data-columns=\"three\" data-animationType=\"slideInRight\" data-animationDuration=\"1.0\" data-animationOffset=\"top-into-view\"><style type=\"text\/css\">.fusion-portfolio-1 .fusion-portfolio-wrapper .fusion-col-spacing{padding:20px;}<\/style><div class=\"fusion-portfolio-wrapper\" id=\"fusion-portfolio-1\" data-picturesize=\"auto\" data-pages=\"1\" style=\"margin:-20px;\"><article id=\"portfolio-1-post-148\" class=\"fusion-portfolio-post reklamowe rodzinne fusion-col-spacing post-148\"><div class=\"fusion-portfolio-content-wrapper\" style=\"border:none;\"><span class=\"vcard rich-snippet-hidden\"><span class=\"fn\"><a href=\"https:\/\/www.bartlomiejkopta.com\/index.php\/author\/admin\/\" title=\"Wpisy od admin\" rel=\"author\">admin<\/a><\/span><\/span><span class=\"updated rich-snippet-hidden\">2020-10-16T15:29:40+01:00<\/span><div  class=\"fusion-image-wrapper\" aria-haspopup=\"true\">\n\t\t\t\t<img decoding=\"async\" width=\"2048\" height=\"1367\" src=\"https:\/\/www.bartlomiejkopta.com\/wp-content\/uploads\/2015\/11\/21-1.jpg\" class=\"attachment-full size-full wp-post-image\" alt=\"\" srcset=\"https:\/\/www.bartlomiejkopta.com\/wp-content\/uploads\/2015\/11\/21-1-200x133.jpg 200w, https:\/\/www.bartlomiejkopta.com\/wp-content\/uploads\/2015\/11\/21-1-400x267.jpg 400w, https:\/\/www.bartlomiejkopta.com\/wp-content\/uploads\/2015\/11\/21-1-600x400.jpg 600w, https:\/\/www.bartlomiejkopta.com\/wp-content\/uploads\/2015\/11\/21-1-800x534.jpg 800w, https:\/\/www.bartlomiejkopta.com\/wp-content\/uploads\/2015\/11\/21-1-1200x801.jpg 1200w, https:\/\/www.bartlomiejkopta.com\/wp-content\/uploads\/2015\/11\/21-1.jpg 2048w\" sizes=\"(min-width: 2200px) 100vw, (min-width: 1004px) 363px, (min-width: 822px) 545px, (min-width: 640px) 822px, \" \/><div class=\"fusion-rollover\">\n\t<div class=\"fusion-rollover-content\">\n\n\t\t\t\t\n\t\t\n\t\t\t\t\t\t\t\t\t\t\t\t<h4 class=\"fusion-rollover-title\">\n\t\t\t\t\t<a class=\"fusion-rollover-title-link\" href=\"https:\/\/www.bartlomiejkopta.com\/index.php\/portfolio-items\/portrety\/\">\n\t\t\t\t\t\tSESJA INDYWIDUALNA\t\t\t\t\t<\/a>\n\t\t\t\t<\/h4>\n\t\t\t\n\t\t\t\t\t\t\t\t\n\t\t\n\t\t\t\t\t\t<a class=\"fusion-link-wrapper\" href=\"https:\/\/www.bartlomiejkopta.com\/index.php\/portfolio-items\/portrety\/\" aria-label=\"SESJA INDYWIDUALNA\"><\/a>\n\t<\/div>\n<\/div>\n<\/div>\n<div class=\"fusion-portfolio-content\"><h2 class=\"entry-title fusion-post-title\"><a href=\"https:\/\/www.bartlomiejkopta.com\/index.php\/portfolio-items\/portrety\/\">SESJA INDYWIDUALNA<\/a><\/h2><div class=\"fusion-post-content\"><\/div><\/div><\/div><\/article><article id=\"portfolio-1-post-146\" class=\"fusion-portfolio-post fusion-col-spacing post-146\"><div class=\"fusion-portfolio-content-wrapper\" style=\"border:none;\"><span class=\"vcard rich-snippet-hidden\"><span class=\"fn\"><a href=\"https:\/\/www.bartlomiejkopta.com\/index.php\/author\/admin\/\" title=\"Wpisy od admin\" rel=\"author\">admin<\/a><\/span><\/span><span class=\"updated rich-snippet-hidden\">2023-10-01T20:14:34+01:00<\/span><div  class=\"fusion-image-wrapper\" aria-haspopup=\"true\">\n\t\t\t\t<img decoding=\"async\" width=\"2560\" height=\"1703\" src=\"https:\/\/www.bartlomiejkopta.com\/wp-content\/uploads\/2015\/11\/6-1-scaled.jpg\" class=\"attachment-full size-full wp-post-image\" alt=\"\" srcset=\"https:\/\/www.bartlomiejkopta.com\/wp-content\/uploads\/2015\/11\/6-1-200x133.jpg 200w, https:\/\/www.bartlomiejkopta.com\/wp-content\/uploads\/2015\/11\/6-1-400x266.jpg 400w, https:\/\/www.bartlomiejkopta.com\/wp-content\/uploads\/2015\/11\/6-1-600x399.jpg 600w, https:\/\/www.bartlomiejkopta.com\/wp-content\/uploads\/2015\/11\/6-1-800x532.jpg 800w, https:\/\/www.bartlomiejkopta.com\/wp-content\/uploads\/2015\/11\/6-1-1200x799.jpg 1200w, https:\/\/www.bartlomiejkopta.com\/wp-content\/uploads\/2015\/11\/6-1-scaled.jpg 2560w\" sizes=\"(min-width: 2200px) 100vw, (min-width: 1004px) 363px, (min-width: 822px) 545px, (min-width: 640px) 822px, \" \/><div class=\"fusion-rollover\">\n\t<div class=\"fusion-rollover-content\">\n\n\t\t\t\t\n\t\t\n\t\t\t\t\t\t\t\t\t\t\t\t<h4 class=\"fusion-rollover-title\">\n\t\t\t\t\t<a class=\"fusion-rollover-title-link\" href=\"https:\/\/www.bartlomiejkopta.com\/index.php\/portfolio-items\/reportazeslubne\/\">\n\t\t\t\t\t\tREPORTA\u017b \u015aLUBNY\t\t\t\t\t<\/a>\n\t\t\t\t<\/h4>\n\t\t\t\n\t\t\t\t\t\t\t\t\n\t\t\n\t\t\t\t\t\t<a class=\"fusion-link-wrapper\" href=\"https:\/\/www.bartlomiejkopta.com\/index.php\/portfolio-items\/reportazeslubne\/\" aria-label=\"REPORTA\u017b \u015aLUBNY\"><\/a>\n\t<\/div>\n<\/div>\n<\/div>\n<div class=\"fusion-portfolio-content\"><h2 class=\"entry-title fusion-post-title\"><a href=\"https:\/\/www.bartlomiejkopta.com\/index.php\/portfolio-items\/reportazeslubne\/\">REPORTA\u017b \u015aLUBNY<\/a><\/h2><div class=\"fusion-post-content\"><\/div><\/div><\/div><\/article><article id=\"portfolio-1-post-144\" class=\"fusion-portfolio-post fusion-col-spacing post-144\"><div class=\"fusion-portfolio-content-wrapper\" style=\"border:none;\"><span class=\"vcard rich-snippet-hidden\"><span class=\"fn\"><a href=\"https:\/\/www.bartlomiejkopta.com\/index.php\/author\/admin\/\" title=\"Wpisy od admin\" rel=\"author\">admin<\/a><\/span><\/span><span class=\"updated rich-snippet-hidden\">2020-08-19T21:25:03+01:00<\/span><div  class=\"fusion-image-wrapper\" aria-haspopup=\"true\">\n\t\t\t\t<img decoding=\"async\" width=\"2560\" height=\"1703\" src=\"https:\/\/www.bartlomiejkopta.com\/wp-content\/uploads\/2015\/11\/Monia-Misiek-scaled.jpg\" class=\"attachment-full size-full wp-post-image\" alt=\"\" srcset=\"https:\/\/www.bartlomiejkopta.com\/wp-content\/uploads\/2015\/11\/Monia-Misiek-200x133.jpg 200w, https:\/\/www.bartlomiejkopta.com\/wp-content\/uploads\/2015\/11\/Monia-Misiek-400x266.jpg 400w, https:\/\/www.bartlomiejkopta.com\/wp-content\/uploads\/2015\/11\/Monia-Misiek-600x399.jpg 600w, https:\/\/www.bartlomiejkopta.com\/wp-content\/uploads\/2015\/11\/Monia-Misiek-800x532.jpg 800w, https:\/\/www.bartlomiejkopta.com\/wp-content\/uploads\/2015\/11\/Monia-Misiek-1200x798.jpg 1200w, https:\/\/www.bartlomiejkopta.com\/wp-content\/uploads\/2015\/11\/Monia-Misiek-scaled.jpg 2560w\" sizes=\"(min-width: 2200px) 100vw, (min-width: 1004px) 363px, (min-width: 822px) 545px, (min-width: 640px) 822px, \" \/><div class=\"fusion-rollover\">\n\t<div class=\"fusion-rollover-content\">\n\n\t\t\t\t\n\t\t\n\t\t\t\t\t\t\t\t\t\t\t\t<h4 class=\"fusion-rollover-title\">\n\t\t\t\t\t<a class=\"fusion-rollover-title-link\" href=\"https:\/\/www.bartlomiejkopta.com\/index.php\/portfolio-items\/narzeczenskie\/\">\n\t\t\t\t\t\tSESJA NARZECZE\u0143SKA\t\t\t\t\t<\/a>\n\t\t\t\t<\/h4>\n\t\t\t\n\t\t\t\t\t\t\t\t\n\t\t\n\t\t\t\t\t\t<a class=\"fusion-link-wrapper\" href=\"https:\/\/www.bartlomiejkopta.com\/index.php\/portfolio-items\/narzeczenskie\/\" aria-label=\"SESJA NARZECZE\u0143SKA\"><\/a>\n\t<\/div>\n<\/div>\n<\/div>\n<div class=\"fusion-portfolio-content\"><h2 class=\"entry-title fusion-post-title\"><a href=\"https:\/\/www.bartlomiejkopta.com\/index.php\/portfolio-items\/narzeczenskie\/\">SESJA NARZECZE\u0143SKA<\/a><\/h2><div class=\"fusion-post-content\"><\/div><\/div><\/div><\/article><article id=\"portfolio-1-post-142\" class=\"fusion-portfolio-post fusion-col-spacing post-142\"><div class=\"fusion-portfolio-content-wrapper\" style=\"border:none;\"><span class=\"vcard rich-snippet-hidden\"><span class=\"fn\"><a href=\"https:\/\/www.bartlomiejkopta.com\/index.php\/author\/admin\/\" title=\"Wpisy od admin\" rel=\"author\">admin<\/a><\/span><\/span><span class=\"updated rich-snippet-hidden\">2021-03-02T19:46:05+01:00<\/span><div  class=\"fusion-image-wrapper\" aria-haspopup=\"true\">\n\t\t\t\t<img decoding=\"async\" width=\"2560\" height=\"1709\" src=\"https:\/\/www.bartlomiejkopta.com\/wp-content\/uploads\/2015\/11\/DSC1118-1-scaled.jpg\" class=\"attachment-full size-full wp-post-image\" alt=\"\" srcset=\"https:\/\/www.bartlomiejkopta.com\/wp-content\/uploads\/2015\/11\/DSC1118-1-200x134.jpg 200w, https:\/\/www.bartlomiejkopta.com\/wp-content\/uploads\/2015\/11\/DSC1118-1-400x267.jpg 400w, https:\/\/www.bartlomiejkopta.com\/wp-content\/uploads\/2015\/11\/DSC1118-1-600x401.jpg 600w, https:\/\/www.bartlomiejkopta.com\/wp-content\/uploads\/2015\/11\/DSC1118-1-800x534.jpg 800w, https:\/\/www.bartlomiejkopta.com\/wp-content\/uploads\/2015\/11\/DSC1118-1-1200x801.jpg 1200w, https:\/\/www.bartlomiejkopta.com\/wp-content\/uploads\/2015\/11\/DSC1118-1-scaled.jpg 2560w\" sizes=\"(min-width: 2200px) 100vw, (min-width: 1004px) 363px, (min-width: 822px) 545px, (min-width: 640px) 822px, \" \/><div class=\"fusion-rollover\">\n\t<div class=\"fusion-rollover-content\">\n\n\t\t\t\t\n\t\t\n\t\t\t\t\t\t\t\t\t\t\t\t<h4 class=\"fusion-rollover-title\">\n\t\t\t\t\t<a class=\"fusion-rollover-title-link\" href=\"https:\/\/www.bartlomiejkopta.com\/index.php\/portfolio-items\/kampaniereklamowe\/\">\n\t\t\t\t\t\tKAMPANIA REKLAMOWA\t\t\t\t\t<\/a>\n\t\t\t\t<\/h4>\n\t\t\t\n\t\t\t\t\t\t\t\t\n\t\t\n\t\t\t\t\t\t<a class=\"fusion-link-wrapper\" href=\"https:\/\/www.bartlomiejkopta.com\/index.php\/portfolio-items\/kampaniereklamowe\/\" aria-label=\"KAMPANIA REKLAMOWA\"><\/a>\n\t<\/div>\n<\/div>\n<\/div>\n<div class=\"fusion-portfolio-content\"><h2 class=\"entry-title fusion-post-title\"><a href=\"https:\/\/www.bartlomiejkopta.com\/index.php\/portfolio-items\/kampaniereklamowe\/\">KAMPANIA REKLAMOWA<\/a><\/h2><div class=\"fusion-post-content\"><\/div><\/div><\/div><\/article><article id=\"portfolio-1-post-140\" class=\"fusion-portfolio-post fusion-col-spacing post-140\"><div class=\"fusion-portfolio-content-wrapper\" style=\"border:none;\"><span class=\"vcard rich-snippet-hidden\"><span class=\"fn\"><a href=\"https:\/\/www.bartlomiejkopta.com\/index.php\/author\/admin\/\" title=\"Wpisy od admin\" rel=\"author\">admin<\/a><\/span><\/span><span class=\"updated rich-snippet-hidden\">2021-03-02T19:44:33+01:00<\/span><div  class=\"fusion-image-wrapper\" aria-haspopup=\"true\">\n\t\t\t\t<img decoding=\"async\" width=\"1125\" height=\"830\" src=\"https:\/\/www.bartlomiejkopta.com\/wp-content\/uploads\/2015\/11\/Modelka_1_max2.jpg\" class=\"attachment-full size-full wp-post-image\" alt=\"\" srcset=\"https:\/\/www.bartlomiejkopta.com\/wp-content\/uploads\/2015\/11\/Modelka_1_max2-200x148.jpg 200w, https:\/\/www.bartlomiejkopta.com\/wp-content\/uploads\/2015\/11\/Modelka_1_max2-400x295.jpg 400w, https:\/\/www.bartlomiejkopta.com\/wp-content\/uploads\/2015\/11\/Modelka_1_max2-600x443.jpg 600w, https:\/\/www.bartlomiejkopta.com\/wp-content\/uploads\/2015\/11\/Modelka_1_max2-800x590.jpg 800w, https:\/\/www.bartlomiejkopta.com\/wp-content\/uploads\/2015\/11\/Modelka_1_max2.jpg 1125w\" sizes=\"(min-width: 2200px) 100vw, (min-width: 1004px) 363px, (min-width: 822px) 545px, (min-width: 640px) 822px, \" \/><div class=\"fusion-rollover\">\n\t<div class=\"fusion-rollover-content\">\n\n\t\t\t\t\n\t\t\n\t\t\t\t\t\t\t\t\t\t\t\t<h4 class=\"fusion-rollover-title\">\n\t\t\t\t\t<a class=\"fusion-rollover-title-link\" href=\"https:\/\/www.bartlomiejkopta.com\/index.php\/portfolio-items\/studio\/\">\n\t\t\t\t\t\tSTUDIO\t\t\t\t\t<\/a>\n\t\t\t\t<\/h4>\n\t\t\t\n\t\t\t\t\t\t\t\t\n\t\t\n\t\t\t\t\t\t<a class=\"fusion-link-wrapper\" href=\"https:\/\/www.bartlomiejkopta.com\/index.php\/portfolio-items\/studio\/\" aria-label=\"STUDIO\"><\/a>\n\t<\/div>\n<\/div>\n<\/div>\n<div class=\"fusion-portfolio-content\"><h2 class=\"entry-title fusion-post-title\"><a href=\"https:\/\/www.bartlomiejkopta.com\/index.php\/portfolio-items\/studio\/\">STUDIO<\/a><\/h2><div class=\"fusion-post-content\"><\/div><\/div><\/div><\/article><article id=\"portfolio-1-post-138\" class=\"fusion-portfolio-post fusion-col-spacing post-138\"><div class=\"fusion-portfolio-content-wrapper\" style=\"border:none;\"><span class=\"vcard rich-snippet-hidden\"><span class=\"fn\"><a href=\"https:\/\/www.bartlomiejkopta.com\/index.php\/author\/admin\/\" title=\"Wpisy od admin\" rel=\"author\">admin<\/a><\/span><\/span><span class=\"updated rich-snippet-hidden\">2020-09-27T14:03:14+01:00<\/span><div  class=\"fusion-image-wrapper\" aria-haspopup=\"true\">\n\t\t\t\t<img decoding=\"async\" width=\"2560\" height=\"1709\" src=\"https:\/\/www.bartlomiejkopta.com\/wp-content\/uploads\/2015\/11\/23_5-scaled.jpg\" class=\"attachment-full size-full wp-post-image\" alt=\"\" srcset=\"https:\/\/www.bartlomiejkopta.com\/wp-content\/uploads\/2015\/11\/23_5-200x134.jpg 200w, https:\/\/www.bartlomiejkopta.com\/wp-content\/uploads\/2015\/11\/23_5-400x267.jpg 400w, https:\/\/www.bartlomiejkopta.com\/wp-content\/uploads\/2015\/11\/23_5-600x401.jpg 600w, https:\/\/www.bartlomiejkopta.com\/wp-content\/uploads\/2015\/11\/23_5-800x534.jpg 800w, https:\/\/www.bartlomiejkopta.com\/wp-content\/uploads\/2015\/11\/23_5-1200x801.jpg 1200w, https:\/\/www.bartlomiejkopta.com\/wp-content\/uploads\/2015\/11\/23_5-scaled.jpg 2560w\" sizes=\"(min-width: 2200px) 100vw, (min-width: 1004px) 363px, (min-width: 822px) 545px, (min-width: 640px) 822px, \" \/><div class=\"fusion-rollover\">\n\t<div class=\"fusion-rollover-content\">\n\n\t\t\t\t\n\t\t\n\t\t\t\t\t\t\t\t\t\t\t\t<h4 class=\"fusion-rollover-title\">\n\t\t\t\t\t<a class=\"fusion-rollover-title-link\" href=\"https:\/\/www.bartlomiejkopta.com\/index.php\/portfolio-items\/sesjerodzinne\/\">\n\t\t\t\t\t\tSESJA RODZINNA\t\t\t\t\t<\/a>\n\t\t\t\t<\/h4>\n\t\t\t\n\t\t\t\t\t\t\t\t\n\t\t\n\t\t\t\t\t\t<a class=\"fusion-link-wrapper\" href=\"https:\/\/www.bartlomiejkopta.com\/index.php\/portfolio-items\/sesjerodzinne\/\" aria-label=\"SESJA RODZINNA\"><\/a>\n\t<\/div>\n<\/div>\n<\/div>\n<div class=\"fusion-portfolio-content\"><h2 class=\"entry-title fusion-post-title\"><a href=\"https:\/\/www.bartlomiejkopta.com\/index.php\/portfolio-items\/sesjerodzinne\/\">SESJA RODZINNA<\/a><\/h2><div class=\"fusion-post-content\"><\/div><\/div><\/div><\/article><\/div><\/div><div class=\"fusion-clearfix\"><\/div><\/div><\/div><\/div><\/div><div class=\"fusion-fullwidth fullwidth-box fusion-builder-row-5 nonhundred-percent-fullwidth non-hundred-percent-height-scrolling\" style=\"--awb-border-radius-top-left:0px;--awb-border-radius-top-right:0px;--awb-border-radius-bottom-right:0px;--awb-border-radius-bottom-left:0px;--awb-flex-wrap:wrap;\" ><div class=\"fusion-builder-row fusion-row\"><div class=\"fusion-layout-column fusion_builder_column fusion-builder-column-5 fusion_builder_column_1_1 1_1 fusion-one-full fusion-column-first fusion-column-last\" style=\"--awb-bg-size:cover;\"><div class=\"fusion-column-wrapper fusion-column-has-shadow fusion-flex-column-wrapper-legacy\"><div class=\"fusion-clearfix\"><\/div><\/div><\/div><\/div><\/div><\/p>\n","protected":false},"excerpt":{"rendered":"","protected":false},"author":1,"featured_media":0,"parent":0,"menu_order":0,"comment_status":"closed","ping_status":"closed","template":"100-width.php","meta":{"footnotes":""},"_links":{"self":[{"href":"https:\/\/www.bartlomiejkopta.com\/index.php\/wp-json\/wp\/v2\/pages\/979"}],"collection":[{"href":"https:\/\/www.bartlomiejkopta.com\/index.php\/wp-json\/wp\/v2\/pages"}],"about":[{"href":"https:\/\/www.bartlomiejkopta.com\/index.php\/wp-json\/wp\/v2\/types\/page"}],"author":[{"embeddable":true,"href":"https:\/\/www.bartlomiejkopta.com\/index.php\/wp-json\/wp\/v2\/users\/1"}],"replies":[{"embeddable":true,"href":"https:\/\/www.bartlomiejkopta.com\/index.php\/wp-json\/wp\/v2\/comments?post=979"}],"version-history":[{"count":34,"href":"https:\/\/www.bartlomiejkopta.com\/index.php\/wp-json\/wp\/v2\/pages\/979\/revisions"}],"predecessor-version":[{"id":1712,"href":"https:\/\/www.bartlomiejkopta.com\/index.php\/wp-json\/wp\/v2\/pages\/979\/revisions\/1712"}],"wp:attachment":[{"href":"https:\/\/www.bartlomiejkopta.com\/index.php\/wp-json\/wp\/v2\/media?parent=979"}],"curies":[{"name":"wp","href":"https:\/\/api.w.org\/{rel}","templated":true}]}}